{"id":1770,"date":"2016-06-06T11:08:25","date_gmt":"2016-06-06T09:08:25","guid":{"rendered":"https:\/\/carolaclavo.com\/site\/?page_id=1770"},"modified":"2021-05-21T09:38:34","modified_gmt":"2021-05-21T07:38:34","slug":"aviso-legal","status":"publish","type":"page","link":"https:\/\/carolaclavo.com\/site\/aviso-legal\/","title":{"rendered":"Aviso legal"},"content":{"rendered":"<p>El dominio carolaclavo.com est\u00e1 registrado a nombre de Carola Clavo, con domicilio fiscal en Hostals 7A, de Palma, Baleares. La navegaci\u00f3n por el presente sitio atribuye la condici\u00f3n de usuario del mismo y la aceptaci\u00f3n sin reservas de este aviso legal.<\/p>\n<p>El usuario se obliga a hacer un uso correcto del sitio web de conformidad con las leyes, la buena fe, el orden p\u00fablico, los usos del tr\u00e1fico y el presente Aviso Legal. El usuario responder\u00e1 frente a www.carolaclavo.com o frente a terceros, de cualesquiera da\u00f1os y perjuicios que pudieran causarse como consecuencia del incumplimiento de dicha obligaci\u00f3n.<\/p>\n<h4>IDENTIFICACION<\/h4>\n<p>En cumplimiento de la Ley 34\/2002, de 11 de julio, de servicios de la sociedad de la informaci\u00f3n y de comercio electr\u00f3nico, le informa de que:<\/p>\n<p style=\"padding-left: 30px;\">Su denominaci\u00f3n social es: CAROLA CLAVO GONZ\u00c1LEZ-CAPITEL<\/p>\n<p style=\"padding-left: 30px;\">Su domicilio social est\u00e1 en: Calle Hostals 7, 07002 de Palma, Baleares<\/p>\n<p style=\"padding-left: 30px;\">Para comunicarse conmigo por motivos \u00fanicamente relativos a esta web, pueden escribir un email a la direcci\u00f3n: admin@carolaclavo.com. Esto no supone mi consentimiento para recibir publicidad o promociones de ning\u00fan tipo en esa direcci\u00f3n.<\/p>\n<h4>CONDICIONES GENERALES DE USO<\/h4>\n<p>www.carolaclavo.com le informa que el acceso y uso de la presente p\u00e1gina web, as\u00ed como de los servicios y\/o contenidos que a trav\u00e9s de ella se obtengan o se puedan obtener, est\u00e1n sujetos a los t\u00e9rminos que se detallan en este Aviso Legal.<\/p>\n<p>Por ello, si las consideraciones detalladas a continuaci\u00f3n no son de su conformidad, rogamos no haga uso de la presente p\u00e1gina web ya que cualquier uso que haga de los mismos o de los contenidos y\/o servicios en ellos incluidos, implicar\u00e1 la aceptaci\u00f3n de los t\u00e9rminos legales recogidos en este texto.<\/p>\n<p>www.carolaclavo.com, se reserva el derecho a realizar cambios en la p\u00e1gina web sin previo aviso, con el objeto de actualizar, corregir, modificar, a\u00f1adir o eliminar los contenidos de la misma. Por lo que las condiciones y t\u00e9rminos que se recogen en este apartado, pueden variar en cualquier momento. Por ello, le invitamos a que revise estos t\u00e9rminos cuando visite de nuevo esta p\u00e1gina web. Dicha modificaci\u00f3n ser\u00e1 de aplicaci\u00f3n desde el momento en que est\u00e9 a disposici\u00f3n de los Usuarios.<\/p>\n<p>Le recomendamos que consulte peri\u00f3dicamente el Aviso Legal, ya que puede sufrir modificaciones.<\/p>\n<p>www.carolaclavo.com no se hace responsable de los da\u00f1os que pudiera causar el Usuario, por un uso err\u00f3neo o indebido en relaciones con terceros, siendo responsabilidad \u00fanica y exclusiva del Usuario. Adem\u00e1s, www.carolaclavo.com, no se hace responsable en ning\u00fan caso, de los da\u00f1os y perjuicios de cualquier naturaleza que se puedan ocasionar, por ejemplo como consecuencia de la transmisi\u00f3n de un virus o de programas maliciosos, a pesar de haber adoptado todas las medidas tecnol\u00f3gicas necesarias para evitarlo.<\/p>\n<p>El Usuario, se compromete a no utilizar la p\u00e1gina web de www.carolaclavo.com de forma contraria a lo dispuesto por la legislaci\u00f3n vigente.<\/p>\n<h4>ACEPTACI\u00d3N DE LAS CONDICIONES GENERALES DE USO<\/h4>\n<p>El mero acceso y\/o utilizaci\u00f3n de la p\u00e1gina web de www.carolaclavo.com ya sea de todo o parte de los contenidos y\/o servicios en ellos incorporados, le atribuye directamente la condici\u00f3n de Usuario. Lo que implica, necesariamente, que acepta y se adhiere plenamente y sin reservas a las condiciones establecidas en el presente Aviso Legal.<\/p>\n<p>Si el Usuario decide no aceptar el presente Aviso Legal, deber\u00e1 abstenerse de acceder y\/o utilizar los contenidos y\/o servicios ofrecidos por www.carolaclavo.com a trav\u00e9s de su p\u00e1gina web<\/p>\n<h4>ACCESO Y UTILIZACION<\/h4>\n<p>El usuario garantiza la autenticidad y actualidad de todos aquellos datos que comunique y ser\u00e1 el \u00fanico responsable de las manifestaciones falsas o inexactas que realice.<\/p>\n<p>El usuario se compromete expresamente a hacer un uso adecuado de los contenidos y servicios de www.carolaclavo.com y a no emplearlos para, entre otros:<\/p>\n<ul>\n<li>Difundir contenidos, delictivos, violentos, pornogr\u00e1ficos, racistas, xen\u00f3fobo, ofensivos, de apolog\u00eda del terrorismo o, en general, contrarios a la ley o al orden p\u00fablico.<\/li>\n<li>Introducir en la red virus inform\u00e1ticos o realizar actuaciones susceptibles de alterar, estropear, interrumpir o generar errores o da\u00f1os en los documentos electr\u00f3nicos, datos o sistemas f\u00edsicos y l\u00f3gicos de www.carolaclavo.com o de terceras personas; as\u00ed como obstaculizar el acceso de otros usuarios al sitio web y a sus servicios mediante el consumo masivo de los recursos inform\u00e1ticos a trav\u00e9s de los cuales www.carolaclavo.com presta sus servicios.<\/li>\n<li>Vulnerar los derechos de propiedad intelectual o industrial, as\u00ed como violar la confidencialidad de la informaci\u00f3n de www.carolaclavo.com o de terceros.<\/li>\n<li>Reproducir, copiar, distribuir, poner a disposici\u00f3n o de cualquier otra forma comunicar p\u00fablicamente, transformar o modificar los contenidos, a menos que se cuente con la autorizaci\u00f3n del titular de los correspondientes derechos o ello resulte legalmente permitido.<\/li>\n<li>Recabar datos con finalidad publicitaria y de remitir publicidad de cualquier clase y comunicaciones con fines de venta u otras de naturaleza comercial sin que medie su previa solicitud o consentimiento.<\/li>\n<\/ul>\n<h4>PROPIEDAD INTELECTUAL<\/h4>\n<p>Todos los contenidos del sitio web, como textos, fotograf\u00edas, gr\u00e1ficos, im\u00e1genes, iconos, tecnolog\u00eda, software, as\u00ed como su dise\u00f1o gr\u00e1fico y c\u00f3digos fuente, constituyen una obra cuya propiedad le pertenecen. Tambi\u00e9n utilizo en la web un tema dise\u00f1ado por otro profesional que est\u00e1 debidamente acreditado al pie de la p\u00e1gina; e im\u00e1genes creadas para mis clientes quienes tienen la propiedad de las mismas, o im\u00e1genes de stock de los cuales tengo la autorizaci\u00f3n de utilizaci\u00f3n de estas im\u00e1genes, sin que puedan entenderse cedidos al usuario ninguno de los derechos de explotaci\u00f3n sobre los mismos.<\/p>\n<p>La distribuci\u00f3n, modificaci\u00f3n, cesi\u00f3n o comunicaci\u00f3n p\u00fablica de los contenidos y cualquier otro acto que no haya sido expresamente autorizado por el titular de los derechos de explotaci\u00f3n quedan prohibidas.<\/p>\n<h4>HIPERENLACES<\/h4>\n<p>El establecimiento de un hiperenlace no implica en ning\u00fan caso la existencia de relaciones entre www.carolaclavo.com y el propietario del sitio web en la que se establezca, ni la aceptaci\u00f3n y aprobaci\u00f3n por parte de www.carolaclavo.com de sus contenidos o servicios. Aquellas personas que se propongan establecer un hiperenlace previamente deber\u00e1n solicitar autorizaci\u00f3n por escrito a www.carolaclavo.com. En todo caso, el hiperenlace \u00fanicamente permitir\u00e1 el acceso a la p\u00e1gina de inicio de nuestro sitio web u otras p\u00e1ginas del sitio y asimismo deber\u00e1 abstenerse de realizar manifestaciones o indicaciones falsas, inexactas o incorrectas sobre www.carolaclavo.com, o incluir contenidos il\u00edcitos, contrarios a las buenas costumbres y al orden p\u00fablico.<\/p>\n<h4>GARANT\u00cdAS Y RESPONSABILIDAD<\/h4>\n<p>www.carolaclavo.com excluye, hasta donde permite el ordenamiento jur\u00eddico, cualquier responsabilidad por los da\u00f1os y perjuicios de toda naturaleza derivados de:<\/p>\n<ul>\n<li>La imposibilidad de acceso al sitio web o la falta de veracidad, exactitud, exhaustividad y\/o actualidad de los contenidos, as\u00ed como la existencia de vicios y defectos de toda clase de los contenidos transmitidos, difundidos, almacenados, puestos a disposici\u00f3n a los que se haya accedido a trav\u00e9s del sitio web o de los servicios que se ofrecen.<\/li>\n<li>La presencia de virus o de otros elementos en los contenidos que puedan producir alteraciones en los sistemas inform\u00e1ticos, documentos electr\u00f3nicos o datos de los usuarios.<\/li>\n<li>El incumplimiento de las leyes, la buena fe, el orden p\u00fablico, los usos del tr\u00e1fico y el presente aviso legal como consecuencia del uso incorrecto del sitio web. En particular, y a modo ejemplificativo, www.carolaclavo.com no se hace responsable de las actuaciones de terceros que vulneren derechos de propiedad intelectual e industrial, secretos empresariales, derechos al honor, a la intimidad personal y familiar y a la propia imagen, as\u00ed como la normativa en materia de competencia desleal y publicidad il\u00edcita.<\/li>\n<\/ul>\n<p>Asimismo, www.carolaclavo.com declina cualquier responsabilidad respecto a la informaci\u00f3n que se halle fuera de esta web y no sea gestionada directamente por nuestro webmaster. La funci\u00f3n de los links que aparecen en esta web es exclusivamente la de informar al usuario sobre la existencia de otras fuentes susceptibles de ampliar los contenidos que ofrece este sitio web. www.carolaclavo.com no garantiza ni se responsabiliza del funcionamiento o accesibilidad de los sitios enlazados; ni sugiere, invita o recomienda la visita a los mismos, por lo que tampoco ser\u00e1 responsable del resultado obtenido. www.carolaclavo.com no se responsabiliza del establecimiento de hiperv\u00ednculos por parte de terceros.<\/p>\n<h4>JURISDICCI\u00d3N<\/h4>\n<p>Para toda cuesti\u00f3n litigiosa que incumba al sitio web de www.carolaclavo.com , ser\u00e1 de aplicaci\u00f3n la legislaci\u00f3n espa\u00f1ola, siendo competentes los Juzgados y Tribunales de Palma de Mallorca (Espa\u00f1a).<\/p>\n","protected":false},"excerpt":{"rendered":"<p>El dominio carolaclavo.com est\u00e1 registrado a nombre de Carola Clavo, con domicilio fiscal en Hostals 7A, de Palma, Baleares. La navegaci\u00f3n por el presente sitio atribuye la condici\u00f3n de usuario del mismo y la aceptaci\u00f3n sin reservas de este aviso legal. El usuario se obliga a hacer un uso correcto del sitio web de conformidad [&hellip;]<\/p>\n","protected":false},"author":1,"featured_media":0,"parent":0,"menu_order":0,"comment_status":"closed","ping_status":"closed","template":"","meta":{"footnotes":""},"class_list":["post-1770","page","type-page","status-publish","hentry"],"yoast_head":"<!-- This site is optimized with the Yoast SEO plugin v26.8 - https:\/\/yoast.com\/product\/yoast-seo-wordpress\/ -->\n<title>Aviso legal - Carola Clavo<\/title>\n<meta name=\"robots\" content=\"noindex, nofollow\" \/>\n<meta property=\"og:locale\" content=\"es_ES\" \/>\n<meta property=\"og:type\" content=\"article\" \/>\n<meta property=\"og:title\" content=\"Aviso legal - Carola Clavo\" \/>\n<meta property=\"og:description\" content=\"El dominio carolaclavo.com est\u00e1 registrado a nombre de Carola Clavo, con domicilio fiscal en Hostals 7A, de Palma, Baleares. La navegaci\u00f3n por el presente sitio atribuye la condici\u00f3n de usuario del mismo y la aceptaci\u00f3n sin reservas de este aviso legal. El usuario se obliga a hacer un uso correcto del sitio web de conformidad [&hellip;]\" \/>\n<meta property=\"og:url\" content=\"https:\/\/carolaclavo.com\/site\/aviso-legal\/\" \/>\n<meta property=\"og:site_name\" content=\"Carola Clavo\" \/>\n<meta property=\"article:modified_time\" content=\"2021-05-21T07:38:34+00:00\" \/>\n<meta name=\"twitter:card\" content=\"summary_large_image\" \/>\n<meta name=\"twitter:label1\" content=\"Tiempo de lectura\" \/>\n\t<meta name=\"twitter:data1\" content=\"6 minutos\" \/>\n<script type=\"application\/ld+json\" class=\"yoast-schema-graph\">{\"@context\":\"https:\/\/schema.org\",\"@graph\":[{\"@type\":\"WebPage\",\"@id\":\"https:\/\/carolaclavo.com\/site\/aviso-legal\/\",\"url\":\"https:\/\/carolaclavo.com\/site\/aviso-legal\/\",\"name\":\"Aviso legal - Carola Clavo\",\"isPartOf\":{\"@id\":\"https:\/\/carolaclavo.com\/site\/#website\"},\"datePublished\":\"2016-06-06T09:08:25+00:00\",\"dateModified\":\"2021-05-21T07:38:34+00:00\",\"breadcrumb\":{\"@id\":\"https:\/\/carolaclavo.com\/site\/aviso-legal\/#breadcrumb\"},\"inLanguage\":\"es\",\"potentialAction\":[{\"@type\":\"ReadAction\",\"target\":[\"https:\/\/carolaclavo.com\/site\/aviso-legal\/\"]}]},{\"@type\":\"BreadcrumbList\",\"@id\":\"https:\/\/carolaclavo.com\/site\/aviso-legal\/#breadcrumb\",\"itemListElement\":[{\"@type\":\"ListItem\",\"position\":1,\"name\":\"Portada\",\"item\":\"https:\/\/carolaclavo.com\/site\/\"},{\"@type\":\"ListItem\",\"position\":2,\"name\":\"Aviso legal\"}]},{\"@type\":\"WebSite\",\"@id\":\"https:\/\/carolaclavo.com\/site\/#website\",\"url\":\"https:\/\/carolaclavo.com\/site\/\",\"name\":\"Carola Clavo\",\"description\":\"Dise\u00f1o, ilustraci\u00f3n, p\u00edxels y m\u00e1s\",\"publisher\":{\"@id\":\"https:\/\/carolaclavo.com\/site\/#\/schema\/person\/72b5fbb580873429fe749020ab9af59c\"},\"potentialAction\":[{\"@type\":\"SearchAction\",\"target\":{\"@type\":\"EntryPoint\",\"urlTemplate\":\"https:\/\/carolaclavo.com\/site\/?s={search_term_string}\"},\"query-input\":{\"@type\":\"PropertyValueSpecification\",\"valueRequired\":true,\"valueName\":\"search_term_string\"}}],\"inLanguage\":\"es\"},{\"@type\":[\"Person\",\"Organization\"],\"@id\":\"https:\/\/carolaclavo.com\/site\/#\/schema\/person\/72b5fbb580873429fe749020ab9af59c\",\"name\":\"carolaclavo\",\"image\":{\"@type\":\"ImageObject\",\"inLanguage\":\"es\",\"@id\":\"https:\/\/carolaclavo.com\/site\/#\/schema\/person\/image\/\",\"url\":\"http:\/\/carolaclavo.com\/site\/wp-content\/uploads\/2020\/01\/Yo-Recortada2016.png\",\"contentUrl\":\"http:\/\/carolaclavo.com\/site\/wp-content\/uploads\/2020\/01\/Yo-Recortada2016.png\",\"width\":591,\"height\":691,\"caption\":\"carolaclavo\"},\"logo\":{\"@id\":\"https:\/\/carolaclavo.com\/site\/#\/schema\/person\/image\/\"}}]}<\/script>\n<!-- \/ Yoast SEO plugin. -->","yoast_head_json":{"title":"Aviso legal - Carola Clavo","robots":{"index":"noindex","follow":"nofollow"},"og_locale":"es_ES","og_type":"article","og_title":"Aviso legal - Carola Clavo","og_description":"El dominio carolaclavo.com est\u00e1 registrado a nombre de Carola Clavo, con domicilio fiscal en Hostals 7A, de Palma, Baleares. La navegaci\u00f3n por el presente sitio atribuye la condici\u00f3n de usuario del mismo y la aceptaci\u00f3n sin reservas de este aviso legal. El usuario se obliga a hacer un uso correcto del sitio web de conformidad [&hellip;]","og_url":"https:\/\/carolaclavo.com\/site\/aviso-legal\/","og_site_name":"Carola Clavo","article_modified_time":"2021-05-21T07:38:34+00:00","twitter_card":"summary_large_image","twitter_misc":{"Tiempo de lectura":"6 minutos"},"schema":{"@context":"https:\/\/schema.org","@graph":[{"@type":"WebPage","@id":"https:\/\/carolaclavo.com\/site\/aviso-legal\/","url":"https:\/\/carolaclavo.com\/site\/aviso-legal\/","name":"Aviso legal - Carola Clavo","isPartOf":{"@id":"https:\/\/carolaclavo.com\/site\/#website"},"datePublished":"2016-06-06T09:08:25+00:00","dateModified":"2021-05-21T07:38:34+00:00","breadcrumb":{"@id":"https:\/\/carolaclavo.com\/site\/aviso-legal\/#breadcrumb"},"inLanguage":"es","potentialAction":[{"@type":"ReadAction","target":["https:\/\/carolaclavo.com\/site\/aviso-legal\/"]}]},{"@type":"BreadcrumbList","@id":"https:\/\/carolaclavo.com\/site\/aviso-legal\/#breadcrumb","itemListElement":[{"@type":"ListItem","position":1,"name":"Portada","item":"https:\/\/carolaclavo.com\/site\/"},{"@type":"ListItem","position":2,"name":"Aviso legal"}]},{"@type":"WebSite","@id":"https:\/\/carolaclavo.com\/site\/#website","url":"https:\/\/carolaclavo.com\/site\/","name":"Carola Clavo","description":"Dise\u00f1o, ilustraci\u00f3n, p\u00edxels y m\u00e1s","publisher":{"@id":"https:\/\/carolaclavo.com\/site\/#\/schema\/person\/72b5fbb580873429fe749020ab9af59c"},"potentialAction":[{"@type":"SearchAction","target":{"@type":"EntryPoint","urlTemplate":"https:\/\/carolaclavo.com\/site\/?s={search_term_string}"},"query-input":{"@type":"PropertyValueSpecification","valueRequired":true,"valueName":"search_term_string"}}],"inLanguage":"es"},{"@type":["Person","Organization"],"@id":"https:\/\/carolaclavo.com\/site\/#\/schema\/person\/72b5fbb580873429fe749020ab9af59c","name":"carolaclavo","image":{"@type":"ImageObject","inLanguage":"es","@id":"https:\/\/carolaclavo.com\/site\/#\/schema\/person\/image\/","url":"http:\/\/carolaclavo.com\/site\/wp-content\/uploads\/2020\/01\/Yo-Recortada2016.png","contentUrl":"http:\/\/carolaclavo.com\/site\/wp-content\/uploads\/2020\/01\/Yo-Recortada2016.png","width":591,"height":691,"caption":"carolaclavo"},"logo":{"@id":"https:\/\/carolaclavo.com\/site\/#\/schema\/person\/image\/"}}]}},"_links":{"self":[{"href":"https:\/\/carolaclavo.com\/site\/wp-json\/wp\/v2\/pages\/1770","targetHints":{"allow":["GET"]}}],"collection":[{"href":"https:\/\/carolaclavo.com\/site\/wp-json\/wp\/v2\/pages"}],"about":[{"href":"https:\/\/carolaclavo.com\/site\/wp-json\/wp\/v2\/types\/page"}],"author":[{"embeddable":true,"href":"https:\/\/carolaclavo.com\/site\/wp-json\/wp\/v2\/users\/1"}],"replies":[{"embeddable":true,"href":"https:\/\/carolaclavo.com\/site\/wp-json\/wp\/v2\/comments?post=1770"}],"version-history":[{"count":0,"href":"https:\/\/carolaclavo.com\/site\/wp-json\/wp\/v2\/pages\/1770\/revisions"}],"wp:attachment":[{"href":"https:\/\/carolaclavo.com\/site\/wp-json\/wp\/v2\/media?parent=1770"}],"curies":[{"name":"wp","href":"https:\/\/api.w.org\/{rel}","templated":true}]}}